{"id":11,"date":"2015-09-15T15:31:01","date_gmt":"2015-09-15T14:31:01","guid":{"rendered":"http:\/\/tommustester.wpengine.com\/?page_id=11"},"modified":"2019-10-10T15:26:16","modified_gmt":"2019-10-10T13:26:16","slug":"contact-classic","status":"publish","type":"page","link":"https:\/\/kinesani.ch\/wp2016\/index.php\/pages\/contact-classic\/","title":{"rendered":"Kontakt \/ Preise"},"content":{"rendered":"<p>[vc_row full_width=&#8220;stretch_row&#8220; content_placement=&#8220;middle&#8220; parallax=&#8220;content-moving&#8220; parallax_image=&#8220;530&#8243; css=&#8220;.vc_custom_1508434000437{padding-top: 150px !important;padding-bottom: 150px !important;}&#8220;][vc_column][vc_column_text]<\/p>\n<h1 class=\"uppercase mb0\" style=\"text-align: center;\">KONTAKT \/ PREISE<\/h1>\n<p>[\/vc_column_text][\/vc_column][\/vc_row][vc_row][vc_column width=&#8220;1\/2&#8243;][vc_column_text]F\u00fcr Informationen und Terminvereinbarungen stehe ich Ihnen unter folgenden Kontaktm\u00f6glichkeiten zur Verf\u00fcgung:<\/p>\n<p><strong>kinesani Tiertherapie Tierkinesiologie AP<\/strong><\/p>\n<p>Sibylle Meier<br \/>\nDipl. Tiertherapeutin\/Tierkinesiologin AP<br \/>\nSpissenstrasse 81<br \/>\n6045 Meggen<\/p>\n<p><strong>Tel. +41 79 467 17 58<\/strong><\/p>\n<p><a title=\"\" href=\"http:\/\/www.kinesani.ch\" target=\"_blank\" rel=\"noopener noreferrer\">www.kinesani.ch<\/a><br \/>\n<a title=\"\" href=\"mailto:sibylle.meier-bielmann@bluewin.ch\" target=\"_blank\" rel=\"noopener noreferrer\">sibylle.meier-bielmann@bluewin.ch <\/a><\/p>\n<p><strong>Erreichbarkeit:<\/strong><br \/>\nDienstag &#8211; Freitag\u00a0 9:00 Uhr -18:00 Uhr[\/vc_column_text][\/vc_column][vc_column width=&#8220;1\/2&#8243;][vc_column_text]<\/p>\n<h1>PREISE<\/h1>\n<p>Behandlung CHF 120.\u2013<\/p>\n<p>Ich bitte Sie um Barzahlung nach der Behandlung.<\/p>\n<p>Tierkommunikation CHF 100.\u2013 inkl. schriftlichem Protokoll oder telefonischer Nachbesprechung.<\/p>\n<p>Um den Tieren m\u00f6glichst wenig Stress zuzumuten, besuche ich Sie gerne Zuhause f\u00fcr eine Behandlung.<\/p>\n<p>Fahrtkosten: 0.70 CHF \/ km[\/vc_column_text][\/vc_column][\/vc_row]<\/p>\n","protected":false},"excerpt":{"rendered":"<p>[vc_row full_width=&#8220;stretch_row&#8220; content_placement=&#8220;middle&#8220; parallax=&#8220;content-moving&#8220; parallax_image=&#8220;530&#8243; css=&#8220;.vc_custom_1508434000437{padding-top: 150px !important;padding-bottom: 150px !important;}&#8220;][vc_column][vc_column_text] KONTAKT \/ PREISE [\/vc_column_text][\/vc_column][\/vc_row][vc_row][vc_column width=&#8220;1\/2&#8243;][vc_column_text]F\u00fcr Informationen und Terminvereinbarungen stehe ich Ihnen unter folgenden Kontaktm\u00f6glichkeiten zur Verf\u00fcgung: kinesani Tiertherapie Tierkinesiologie AP Sibylle Meier Dipl. Tiertherapeutin\/Tierkinesiologin AP Spissenstrasse 81 6045 Meggen Tel. +41 79 467 17 58 www.kinesani.ch sibylle.meier-bielmann@bluewin.ch Erreichbarkeit: Dienstag &#8211; Freitag\u00a0 9:00 Uhr -18:00 Uhr[\/vc_column_text][\/vc_column][vc_column [&hellip;]<\/p>\n","protected":false},"author":1,"featured_media":0,"parent":9,"menu_order":0,"comment_status":"closed","ping_status":"closed","template":"","meta":[],"_links":{"self":[{"href":"https:\/\/kinesani.ch\/wp2016\/index.php\/wp-json\/wp\/v2\/pages\/11"}],"collection":[{"href":"https:\/\/kinesani.ch\/wp2016\/index.php\/wp-json\/wp\/v2\/pages"}],"about":[{"href":"https:\/\/kinesani.ch\/wp2016\/index.php\/wp-json\/wp\/v2\/types\/page"}],"author":[{"embeddable":true,"href":"https:\/\/kinesani.ch\/wp2016\/index.php\/wp-json\/wp\/v2\/users\/1"}],"replies":[{"embeddable":true,"href":"https:\/\/kinesani.ch\/wp2016\/index.php\/wp-json\/wp\/v2\/comments?post=11"}],"version-history":[{"count":13,"href":"https:\/\/kinesani.ch\/wp2016\/index.php\/wp-json\/wp\/v2\/pages\/11\/revisions"}],"predecessor-version":[{"id":570,"href":"https:\/\/kinesani.ch\/wp2016\/index.php\/wp-json\/wp\/v2\/pages\/11\/revisions\/570"}],"up":[{"embeddable":true,"href":"https:\/\/kinesani.ch\/wp2016\/index.php\/wp-json\/wp\/v2\/pages\/9"}],"wp:attachment":[{"href":"https:\/\/kinesani.ch\/wp2016\/index.php\/wp-json\/wp\/v2\/media?parent=11"}],"curies":[{"name":"wp","href":"https:\/\/api.w.org\/{rel}","templated":true}]}}