{"id":16,"date":"2015-09-23T16:30:02","date_gmt":"2015-09-23T15:30:02","guid":{"rendered":"http:\/\/tommustester.wpengine.com\/?page_id=16"},"modified":"2018-01-03T10:41:02","modified_gmt":"2018-01-03T09:41:02","slug":"home-classic","status":"publish","type":"page","link":"https:\/\/kinesani.ch\/wp2016\/","title":{"rendered":"Home Classic"},"content":{"rendered":"<p>[vc_row full_width=&#8220;stretch_row&#8220; css=&#8220;.vc_custom_1443022843786{padding-top: 0px !important;padding-bottom: 0px !important;}&#8220;][vc_column][vc_column_text]<\/p>\n<div class=\"image-slider slider-all-controls controls-inside\"><ul class=\"slides\"><li><div class=\"background-image-holder\"><img width=\"4762\" height=\"964\" src=\"https:\/\/kinesani.ch\/wp2016\/wp-content\/uploads\/2016\/09\/header003.jpg\" class=\"attachment-full size-full\" alt=\"\" loading=\"lazy\" srcset=\"https:\/\/kinesani.ch\/wp2016\/wp-content\/uploads\/2016\/09\/header003.jpg 4762w, https:\/\/kinesani.ch\/wp2016\/wp-content\/uploads\/2016\/09\/header003-300x61.jpg 300w, https:\/\/kinesani.ch\/wp2016\/wp-content\/uploads\/2016\/09\/header003-768x155.jpg 768w, https:\/\/kinesani.ch\/wp2016\/wp-content\/uploads\/2016\/09\/header003-1024x207.jpg 1024w\" sizes=\"(max-width: 4762px) 100vw, 4762px\" \/><\/div><\/li><li><div class=\"background-image-holder\"><img width=\"4762\" height=\"964\" src=\"https:\/\/kinesani.ch\/wp2016\/wp-content\/uploads\/2015\/09\/header_kineanilang6.jpg\" class=\"attachment-full size-full\" alt=\"\" loading=\"lazy\" srcset=\"https:\/\/kinesani.ch\/wp2016\/wp-content\/uploads\/2015\/09\/header_kineanilang6.jpg 4762w, https:\/\/kinesani.ch\/wp2016\/wp-content\/uploads\/2015\/09\/header_kineanilang6-300x61.jpg 300w, https:\/\/kinesani.ch\/wp2016\/wp-content\/uploads\/2015\/09\/header_kineanilang6-768x155.jpg 768w, https:\/\/kinesani.ch\/wp2016\/wp-content\/uploads\/2015\/09\/header_kineanilang6-1024x207.jpg 1024w\" sizes=\"(max-width: 4762px) 100vw, 4762px\" \/><\/div><\/li><li><div class=\"background-image-holder\"><img width=\"4762\" height=\"964\" src=\"https:\/\/kinesani.ch\/wp2016\/wp-content\/uploads\/2016\/09\/header002.jpg\" class=\"attachment-full size-full\" alt=\"\" loading=\"lazy\" srcset=\"https:\/\/kinesani.ch\/wp2016\/wp-content\/uploads\/2016\/09\/header002.jpg 4762w, https:\/\/kinesani.ch\/wp2016\/wp-content\/uploads\/2016\/09\/header002-300x61.jpg 300w, https:\/\/kinesani.ch\/wp2016\/wp-content\/uploads\/2016\/09\/header002-768x155.jpg 768w, https:\/\/kinesani.ch\/wp2016\/wp-content\/uploads\/2016\/09\/header002-1024x207.jpg 1024w\" sizes=\"(max-width: 4762px) 100vw, 4762px\" \/><\/div><\/li><li><div class=\"background-image-holder\"><img width=\"4762\" height=\"964\" src=\"https:\/\/kinesani.ch\/wp2016\/wp-content\/uploads\/2017\/02\/header_kineanilang1.jpg\" class=\"attachment-full size-full\" alt=\"\" loading=\"lazy\" srcset=\"https:\/\/kinesani.ch\/wp2016\/wp-content\/uploads\/2017\/02\/header_kineanilang1.jpg 4762w, https:\/\/kinesani.ch\/wp2016\/wp-content\/uploads\/2017\/02\/header_kineanilang1-300x61.jpg 300w, https:\/\/kinesani.ch\/wp2016\/wp-content\/uploads\/2017\/02\/header_kineanilang1-768x155.jpg 768w, https:\/\/kinesani.ch\/wp2016\/wp-content\/uploads\/2017\/02\/header_kineanilang1-1024x207.jpg 1024w\" sizes=\"(max-width: 4762px) 100vw, 4762px\" \/><\/div><\/li><li><div class=\"background-image-holder\"><img width=\"4762\" height=\"964\" src=\"https:\/\/kinesani.ch\/wp2016\/wp-content\/uploads\/2016\/09\/header001.jpg\" class=\"attachment-full size-full\" alt=\"\" loading=\"lazy\" srcset=\"https:\/\/kinesani.ch\/wp2016\/wp-content\/uploads\/2016\/09\/header001.jpg 4762w, https:\/\/kinesani.ch\/wp2016\/wp-content\/uploads\/2016\/09\/header001-300x61.jpg 300w, https:\/\/kinesani.ch\/wp2016\/wp-content\/uploads\/2016\/09\/header001-768x155.jpg 768w, https:\/\/kinesani.ch\/wp2016\/wp-content\/uploads\/2016\/09\/header001-1024x207.jpg 1024w\" sizes=\"(max-width: 4762px) 100vw, 4762px\" \/><\/div><\/li><li><div class=\"background-image-holder\"><img width=\"4762\" height=\"964\" src=\"https:\/\/kinesani.ch\/wp2016\/wp-content\/uploads\/2015\/09\/header_kineanilang5.jpg\" class=\"attachment-full size-full\" alt=\"\" loading=\"lazy\" srcset=\"https:\/\/kinesani.ch\/wp2016\/wp-content\/uploads\/2015\/09\/header_kineanilang5.jpg 4762w, https:\/\/kinesani.ch\/wp2016\/wp-content\/uploads\/2015\/09\/header_kineanilang5-300x61.jpg 300w, https:\/\/kinesani.ch\/wp2016\/wp-content\/uploads\/2015\/09\/header_kineanilang5-768x155.jpg 768w, https:\/\/kinesani.ch\/wp2016\/wp-content\/uploads\/2015\/09\/header_kineanilang5-1024x207.jpg 1024w\" sizes=\"(max-width: 4762px) 100vw, 4762px\" \/><\/div><\/li><\/ul><\/div>\n<p>[\/vc_column_text][\/vc_column][\/vc_row][vc_row css=&#8220;.vc_custom_1443023537711{padding-bottom: 0px !important;}&#8220;][vc_column]<div class=\"feature bg-secondary pt64 pb64 pt-xs-32 pb-xs-32 mb0 clearfix\"><\/p>\n<h3 class=\"uppercase mb48\" style=\"text-align: center;\">Der beste Weg einen Freund zu finden, ist der selber einer zu sein<\/h3>\n<p>Ralph Waldo Emerson<\/div>[\/vc_column][\/vc_row][vc_row css=&#8220;.vc_custom_1443023544076{padding-bottom: 0px !important;}&#8220;][vc_column width=&#8220;1\/3&#8243;][vc_column_text]<img loading=\"lazy\" class=\"alignnone wp-image-332 size-full\" src=\"http:\/\/kinesani.ch\/wp2016\/wp-content\/uploads\/2015\/09\/manuell.jpg\" width=\"721\" height=\"477\" srcset=\"https:\/\/kinesani.ch\/wp2016\/wp-content\/uploads\/2015\/09\/manuell.jpg 721w, https:\/\/kinesani.ch\/wp2016\/wp-content\/uploads\/2015\/09\/manuell-300x198.jpg 300w\" sizes=\"(max-width: 721px) 100vw, 721px\" \/><\/p>\n<h4 class=\"uppercase\">TIERKINESIOLOGIE &#8211; AP<\/h4>\n<p>Das &#8222;Werkzeug&#8220; der Kinesiologie ist der Muskeltest.<br \/>\nEr liefert die Br\u00fccke zwischen dem physischen K\u00f6rper und seinen Energien. Seine Einzigartigkeit besteht darin, dass er die Muskelreaktion testet, die vom Nervensystem bestimmt wird. Dies ist bei den Tieren mit Hilfe einer Person (Tierhalter) als Surrogat m\u00f6glich.<br \/>\nIch wende eine bew\u00e4hrte Form der Kinesiologie an, die Applied Physiology, welche von Richard D. Utt entwickelt wurde. Sie erm\u00f6glicht mir, an den Ursprung einer St\u00f6rung oder Blockade zu gelangen und mit der entsprechenden Therapieform diese zu balancieren.[\/vc_column_text][\/vc_column][vc_column width=&#8220;1\/3&#8243;][vc_column_text]<img loading=\"lazy\" class=\"alignnone wp-image-351 size-full\" src=\"http:\/\/kinesani.ch\/wp2016\/wp-content\/uploads\/2015\/09\/farbtherapie-thumb.jpg\" width=\"721\" height=\"477\" srcset=\"https:\/\/kinesani.ch\/wp2016\/wp-content\/uploads\/2015\/09\/farbtherapie-thumb.jpg 721w, https:\/\/kinesani.ch\/wp2016\/wp-content\/uploads\/2015\/09\/farbtherapie-thumb-300x198.jpg 300w\" sizes=\"(max-width: 721px) 100vw, 721px\" \/><\/p>\n<h4 class=\"uppercase\">FARBTHERAPIE<\/h4>\n<p>In unserer Welt sind wir umgeben von einem facettenreichen Farbspektrum. Schon immer haben Farben eine Wirkung auf die Natur, die Tiere und uns Menschen. Die Farbtherapie nutzt diese Wirkung und kann den Organismus st\u00e4rken und die Psyche unterst\u00fctzen.[\/vc_column_text][\/vc_column][vc_column width=&#8220;1\/3&#8243;][vc_column_text]<img loading=\"lazy\" class=\"alignnone wp-image-355 size-full\" src=\"http:\/\/kinesani.ch\/wp2016\/wp-content\/uploads\/2015\/09\/klangtherapie-thumb.jpg\" width=\"721\" height=\"477\" srcset=\"https:\/\/kinesani.ch\/wp2016\/wp-content\/uploads\/2015\/09\/klangtherapie-thumb.jpg 721w, https:\/\/kinesani.ch\/wp2016\/wp-content\/uploads\/2015\/09\/klangtherapie-thumb-300x198.jpg 300w\" sizes=\"(max-width: 721px) 100vw, 721px\" \/><\/p>\n<h4 class=\"uppercase\">Klangtherapie &#8211; AP<\/h4>\n<p>Die Klangtherapie ist eine sehr sanfte aber kraftvolle Therapieform, die auf mehrerern Ebenen gleichzeitig wirkt. Die tiefe Entspannung und regenerierende Wirkung von K\u00f6rper, Seele und Geist wird durch die Schwingung von unterschiedlichen Vibrationen welche ins K\u00f6rpergewebe dringen, ausgel\u00f6st.[\/vc_column_text][\/vc_column][\/vc_row][vc_row css=&#8220;.vc_custom_1443023544076{padding-bottom: 0px !important;}&#8220;][vc_column width=&#8220;1\/3&#8243;][vc_column_text]<img loading=\"lazy\" class=\"alignnone wp-image-356 size-full\" src=\"http:\/\/kinesani.ch\/wp2016\/wp-content\/uploads\/2015\/09\/manuell-thumb.jpg\" width=\"721\" height=\"477\" srcset=\"https:\/\/kinesani.ch\/wp2016\/wp-content\/uploads\/2015\/09\/manuell-thumb.jpg 721w, https:\/\/kinesani.ch\/wp2016\/wp-content\/uploads\/2015\/09\/manuell-thumb-300x198.jpg 300w\" sizes=\"(max-width: 721px) 100vw, 721px\" \/><\/p>\n<h4 class=\"uppercase\">MASSAGE<\/h4>\n<p>Massagen geh\u00f6ren zu den \u00e4ltesten Behandlungsmethoden.<br \/>\nVor allem Hunde und Pferde sind h\u00e4ufig von Beschwerden im Bewegungsapparat betroffen.<br \/>\nBei einer Massage werden verspannte und verkrampfte Muskeln gelockert, die Durchblutung und das allgemeine Wohlbefinden werden gef\u00f6rdert.<br \/>\n[\/vc_column_text][\/vc_column][vc_column width=&#8220;1\/3&#8243;][vc_column_text]<img loading=\"lazy\" class=\"alignnone wp-image-333 size-full\" src=\"http:\/\/kinesani.ch\/wp2016\/wp-content\/uploads\/2015\/09\/tierkommu.jpg\" width=\"721\" height=\"477\" srcset=\"https:\/\/kinesani.ch\/wp2016\/wp-content\/uploads\/2015\/09\/tierkommu.jpg 721w, https:\/\/kinesani.ch\/wp2016\/wp-content\/uploads\/2015\/09\/tierkommu-300x198.jpg 300w\" sizes=\"(max-width: 721px) 100vw, 721px\" \/><\/p>\n<h4 class=\"uppercase\">Tierkommunikation<\/h4>\n<p>Eine Kommunikation und Verbindung mit dem Tier aufzubauen versucht jeder Tierhalter, denn eine gute Bindung und Beziehung sind die essenzielle Basis f\u00fcr das stressfreie und harmonische Zusammenleben. Neben grossem kynologischen Wissen verf\u00fcge ich \u00fcber die F\u00e4higkeit eine telepathische Kommunikation zu Ihrem Tier aufzubauen. F\u00fcr mich ist die telepathische Tierkommunikation die Sprache von Seele zu Seele und Herz zu Herz &#8211; die Herzenssprache. Ich sehe mich als Vermittler zwischen Tier und Mensch und ich ber\u00fccksichtige dabei auch den nat\u00fcrlichen Instinkt des Tieres.[\/vc_column_text][\/vc_column][vc_column width=&#8220;1\/3&#8243;][vc_column_text]<img loading=\"lazy\" class=\"alignnone wp-image-525 size-full\" src=\"http:\/\/kinesani.ch\/wp2016\/wp-content\/uploads\/2015\/09\/apmThumb.jpg\" alt=\"\" width=\"721\" height=\"477\" srcset=\"https:\/\/kinesani.ch\/wp2016\/wp-content\/uploads\/2015\/09\/apmThumb.jpg 721w, https:\/\/kinesani.ch\/wp2016\/wp-content\/uploads\/2015\/09\/apmThumb-300x198.jpg 300w\" sizes=\"(max-width: 721px) 100vw, 721px\" \/><\/p>\n<h4 class=\"uppercase\">AKUPUNKT MASSAGE NACH PENZEL (APM)<\/h4>\n<p>Die APM nach Penzel basiert auf der Akupunkturlehre und dem Meridiantherapieverfahren. Die Akupunkt Massage wird ohne Nadeln durchgef\u00fchrt. Der Energiefluss wird ausgeglichen und Blockaden werden gel\u00f6st.[\/vc_column_text][\/vc_column][\/vc_row][vc_row css=&#8220;.vc_custom_1487693927952{margin-bottom: -50px !important;background-color: #f5f5f5 !important;}&#8220;][vc_column width=&#8220;1\/3&#8243;][vc_single_image image=&#8220;468&#8243; img_size=&#8220;721 x 477&#8243;][\/vc_column][vc_column width=&#8220;2\/3&#8243;][vc_column_text]<\/p>\n<h3>Weitere Therapieformen<\/h3>\n<p>[\/vc_column_text][vc_column_text]Als weitere Therapieformen biete ich Ihnen an:<\/p>\n<h4>Bachbl\u00fcten, Hom\u00f6opathie, Sch\u00fcssler Salze, Chakra Ausgleich<\/h4>\n<p>[\/vc_column_text][\/vc_column][\/vc_row][vc_row full_width=&#8220;stretch_row&#8220; parallax=&#8220;content-moving&#8220; parallax_image=&#8220;386&#8243;][vc_column][vc_empty_space height=&#8220;300px&#8220;][\/vc_column][\/vc_row]<\/p>\n","protected":false},"excerpt":{"rendered":"<p>[vc_row full_width=&#8220;stretch_row&#8220; css=&#8220;.vc_custom_1443022843786{padding-top: 0px !important;padding-bottom: 0px !important;}&#8220;][vc_column][vc_column_text] [\/vc_column_text][\/vc_column][\/vc_row][vc_row css=&#8220;.vc_custom_1443023537711{padding-bottom: 0px !important;}&#8220;][vc_column][\/vc_column][\/vc_row][vc_row css=&#8220;.vc_custom_1443023544076{padding-bottom: 0px !important;}&#8220;][vc_column width=&#8220;1\/3&#8243;][vc_column_text] TIERKINESIOLOGIE &#8211; AP Das &#8222;Werkzeug&#8220; der Kinesiologie ist der Muskeltest. Er liefert die Br\u00fccke zwischen dem physischen K\u00f6rper und seinen Energien. Seine Einzigartigkeit besteht darin, dass er die Muskelreaktion testet, die vom Nervensystem bestimmt wird. Dies ist bei den Tieren [&hellip;]<\/p>\n","protected":false},"author":1,"featured_media":0,"parent":9,"menu_order":0,"comment_status":"closed","ping_status":"closed","template":"","meta":[],"_links":{"self":[{"href":"https:\/\/kinesani.ch\/wp2016\/index.php\/wp-json\/wp\/v2\/pages\/16"}],"collection":[{"href":"https:\/\/kinesani.ch\/wp2016\/index.php\/wp-json\/wp\/v2\/pages"}],"about":[{"href":"https:\/\/kinesani.ch\/wp2016\/index.php\/wp-json\/wp\/v2\/types\/page"}],"author":[{"embeddable":true,"href":"https:\/\/kinesani.ch\/wp2016\/index.php\/wp-json\/wp\/v2\/users\/1"}],"replies":[{"embeddable":true,"href":"https:\/\/kinesani.ch\/wp2016\/index.php\/wp-json\/wp\/v2\/comments?post=16"}],"version-history":[{"count":51,"href":"https:\/\/kinesani.ch\/wp2016\/index.php\/wp-json\/wp\/v2\/pages\/16\/revisions"}],"predecessor-version":[{"id":559,"href":"https:\/\/kinesani.ch\/wp2016\/index.php\/wp-json\/wp\/v2\/pages\/16\/revisions\/559"}],"up":[{"embeddable":true,"href":"https:\/\/kinesani.ch\/wp2016\/index.php\/wp-json\/wp\/v2\/pages\/9"}],"wp:attachment":[{"href":"https:\/\/kinesani.ch\/wp2016\/index.php\/wp-json\/wp\/v2\/media?parent=16"}],"curies":[{"name":"wp","href":"https:\/\/api.w.org\/{rel}","templated":true}]}}