{"id":20,"date":"2015-09-23T16:30:24","date_gmt":"2015-09-23T15:30:24","guid":{"rendered":"http:\/\/tommustester.wpengine.com\/?page_id=20"},"modified":"2021-05-07T17:17:13","modified_gmt":"2021-05-07T15:17:13","slug":"about-us","status":"publish","type":"page","link":"https:\/\/kinesani.ch\/wp2016\/index.php\/pages\/about-us\/","title":{"rendered":"\u00dcber mich"},"content":{"rendered":"<p>[vc_row full_width=&#8220;stretch_row&#8220; parallax=&#8220;content-moving&#8220; css=&#8220;.vc_custom_1487695059514{padding-top: 150px !important;padding-bottom: 150px !important;background-image: url(http:\/\/kinesani.ch\/wp2016\/wp-content\/uploads\/2015\/09\/DSC_2490.jpg?id=388) !important;}&#8220;][vc_column][vc_column_text]<\/p>\n<h1 class=\"uppercase mb0\" style=\"text-align: center;\">\u00dcBER MICH<\/h1>\n<p>[\/vc_column_text][\/vc_column][\/vc_row][vc_row css=&#8220;.vc_custom_1449231732620{padding: 0px !important;}&#8220;][vc_column width=&#8220;1\/2&#8243;][vc_single_image image=&#8220;583&#8243; img_size=&#8220;large&#8220; css=&#8220;.vc_custom_1620400629749{margin-top: 30px !important;}&#8220;][\/vc_column][vc_column width=&#8220;1\/2&#8243;]<div class=\"feature bg-secondary pt64 pb64 pt-xs-32 pb-xs-32 mb0 clearfix\"><\/p>\n<h4 style=\"text-align: center;\"><strong>SIBYLLE MEIER<br \/>\n<\/strong><\/h4>\n<p style=\"text-align: center;\">Tiere begleiten mich schon mein ganzes Leben.<br \/>\nMeine grosse Zuneigung zu Ihnen und der Natur haben mein Interesse geweckt, die Tiere noch besser zu verstehen und zu unterst\u00fctzen.<\/p>\n<p style=\"text-align: center;\">Als Dipl. Tiertherapeutin\/Tierkinesiologin AP habe ich meine grosse Leidenschaft zum Beruf gemacht, um Ihnen und Ihrem Tier meine Kenntnisse und Erfahrung anzubieten und Sie im harmonischen Miteinander zu unterst\u00fctzen und zu begleiten.<br \/>\nIch freue mich auf Ihren Kontakt.<\/p>\n<p><\/div>[\/vc_column][\/vc_row][vc_row][vc_column][vc_separator][\/vc_column][\/vc_row][vc_row css=&#8220;.vc_custom_1487692621580{margin-bottom: 20px !important;background-color: #f5f5f5 !important;}&#8220;][vc_column][vc_row_inner][vc_column_inner][vc_column_text]<\/p>\n<h1 class=\"uppercase mb0\" style=\"text-align: center;\">AUSBILDUNG \/ KURSE<\/h1>\n<p>[\/vc_column_text][\/vc_column_inner][\/vc_row_inner][vc_tta_tour][vc_tta_section title=&#8220;2016 bis heute&#8220; tab_id=&#8220;1487697765037-6ef3899a-d640&#8243;][vc_column_text]<strong>April 2017<\/strong><br \/>\n3-Tagesseminar Ayurveda Ern\u00e4hrungstypologie<br \/>\nKerstin Rosenberg \/ Naturheilpraktiker Schule Luzern<\/p>\n<p><strong>November 2016<\/strong><br \/>\n&#8222;Verhalten und Ern\u00e4hrung. Verhaltensprobleme \/ Problemverhalten&#8220;,<br \/>\nSeminar mit Sophie Strodtbeck<\/p>\n<p><strong>Oktober 2016<\/strong><br \/>\n&#8222;Kognitive Ethologie, beispielhaft an Wild und Haushunden&#8220;, &#8222;Wenn Hunde zur Gefahr werden&#8220;,<br \/>\nSeminar mit Dorit Feddersen-Petersen<\/p>\n<p><strong>September 2016<\/strong><br \/>\n&#8222;Genetische Grundlagen der Hundezucht, Genetische Grundlagen von K\u00f6rperbau, Fell und Farben, Verhaltensgenetik, gef\u00e4hrliche Hunde&#8220;,<br \/>\nSeminar mit Irene Sommerfeld-Stur<\/p>\n<p><strong>Juli 2016<\/strong><br \/>\n&#8222;Kastration \/ St\u00f6rungen in der Mensch-Hund-Beziehung&#8220;,<br \/>\nSeminar mit Dr. Udo Ganslosser (Privatdozent f\u00fcr Zoologie)<\/p>\n<p><strong>April 2016<\/strong><br \/>\nTierhom\u00f6opathie Kongress in Badenweiler<\/p>\n<p><strong>April 2016<\/strong><br \/>\n&#8222;Der Mensch-Hund-Code&#8220;,\u00a0 Seminar mit G\u00fcnther Bloch ( Kynologe, Autor, Verhaltensforschung)[\/vc_column_text][\/vc_tta_section][vc_tta_section title=&#8220;2014 &#8211; 2015&#8243; tab_id=&#8220;1487697765103-25f71c86-60bf&#8220;][vc_column_text]<strong>Oktober 2015<\/strong><br \/>\nZucht und Genetik\u00a0 \/ Rudelstruktur und Rangposition.<br \/>\nSeminar mit Dr. Udo Ganslosser (Privatdozent f\u00fcr Zoologie)<\/p>\n<p><strong>Mai 2015<\/strong><br \/>\nMythen und M\u00e4rchen \u00fcber unsere Haushunde \u2013 Was wissen wir heute?<br \/>\nSeminar mit Dr. Udo Ganslosser (Privatdozent f\u00fcr Zoologie)<\/p>\n<p><strong>Mai 2015<\/strong><br \/>\nSniffle Dog \u2013 Tagesseminar mit Uwe Friedrich<\/p>\n<p><strong>Januar 2015<\/strong><br \/>\nGesundheit und\u00a0 Verhalten \u2013 wie h\u00e4ngt das zusammen?<br \/>\nSeminar mit Celina del Amo<\/p>\n<p><strong>Juni 2014<\/strong><br \/>\n&#8222;Fauser-System &#8211; Beziehung ohne Leine&#8220;, Seminar mit Thorsten Fauser<\/p>\n<p><strong>Mai 2014<\/strong><br \/>\n&#8222;Beziehung und Bindungsformen&#8220;,<br \/>\nSeminar mit G\u00fcnther Bloch (Kynologe\/Autor\/Verhaltensforschung)<\/p>\n<p><strong>Mai 2014<\/strong><br \/>\n&#8222;Verfeinerung der Kommunikation zwischen Mensch und Pferd&#8220;,<br \/>\nSeminar mit Mark Rashid (US-amerikanischer Pferdetrainer)<\/p>\n<p><strong>April 2014<\/strong><br \/>\nSch\u00fcsslersalze, Seminar mit Rita Heese<\/p>\n<p><strong>April 2014<\/strong><br \/>\nAkupunkt-Massage nach Penzel am Hund (APM) &#8211; Teil 2, Rita Heese[\/vc_column_text][\/vc_tta_section][vc_tta_section title=&#8220;2011 &#8211; 2013 &#8220; tab_id=&#8220;1487698065662-30d63d92-0f90&#8243;][vc_column_text]<strong>November 2013<\/strong><br \/>\n&#8222;Unerw\u00fcnschte Verhaltensweisen beim Hund&#8220;, Birgit Lehnen<\/p>\n<p><strong>September 2013<\/strong><br \/>\nAkupunkt-Massage nach Penzel am Hund (APM) &#8211; Teil 1, Rita Heese<\/p>\n<p><strong>April 2013<\/strong><br \/>\nTierhom\u00f6opathie-Kongress, Badenweiler<\/p>\n<p><strong>Mai 2012<\/strong><br \/>\n&#8222;Kommunikation Hund &#8211; Die Sprache der Caniden&#8220;, Beat Eichenberger<\/p>\n<p><strong>Mai 2012<\/strong><br \/>\n&#8222;Affe trifft Wolf&#8220;, Seminar mit G\u00fcnther Bloch (Kynologe\/Autor\/Verhaltensforschung)<\/p>\n<p><strong>Februar 2012<\/strong><br \/>\nAus- und Ableitverfahren, Blutegel und Schr\u00f6pfen, Esther Lockhart, Loka AG<b><br \/>\n<\/b><br \/>\n<strong>September 2011<\/strong><br \/>\n&#8222;Anatomie und die h\u00e4ufigsten Krankheiten beim Pferd&#8220;, S\u00e9verin Bienz,<\/p>\n<p><strong>Mai 2011<\/strong><br \/>\n&#8222;W\u00f6lfisch f\u00fcr Hundehalter &#8211; ab mit alten Z\u00f6pfen&#8220;, Seminar mit G\u00fcnther Bloch (Kynologe\/Autor\/Verhaltensforschung)<b><br \/>\n<\/b>[\/vc_column_text][\/vc_tta_section][vc_tta_section title=&#8220;2007 &#8211; 2010&#8243; tab_id=&#8220;1487698067238-c41de18b-572e&#8220;][vc_column_text]<strong>April 2010<\/strong><br \/>\n&#8222;Problemhunde &#8211; Hundeprobleme&#8220;, Seminar mit Jan Nijboer (Natural Dogmanship)<\/p>\n<p><strong>September 2010 &#8211; Oktober 2011<\/strong><br \/>\nZusatzjahr Tiertherapie Schamanische Tierheilerin bei der Loka AG<\/p>\n<p><strong>April 2008 &#8211; Mai 2010<\/strong><br \/>\nAusbildung zur dipl.Tiertherapeutin\/Tierkinesiologin AP bei der Loka AG<\/p>\n<p><strong>August \u2013 Dezember 2008<\/strong><br \/>\nGrundlagen Ethologie\/Tierpsychologie \u2013 Paramed<\/p>\n<p><strong>M\u00e4rz 2008<\/strong><br \/>\nKurs Tierkommunikation \u2013 Helen Gerber Sirin<\/p>\n<p><strong>Oktober 2007<\/strong><br \/>\nKurs \u201eFarbtherapie bei Tieren\u201c \u2013 Karin Kuhn<\/p>\n<p><strong>Juli 2007<\/strong><br \/>\nKurs TT.E.A.M. (T-Touch) Level 1 \u2013 SinTakt AG[\/vc_column_text][\/vc_tta_section][\/vc_tta_tour][\/vc_column][\/vc_row]<\/p>\n","protected":false},"excerpt":{"rendered":"<p>[vc_row full_width=&#8220;stretch_row&#8220; parallax=&#8220;content-moving&#8220; css=&#8220;.vc_custom_1487695059514{padding-top: 150px !important;padding-bottom: 150px !important;background-image: url(http:\/\/kinesani.ch\/wp2016\/wp-content\/uploads\/2015\/09\/DSC_2490.jpg?id=388) !important;}&#8220;][vc_column][vc_column_text] \u00dcBER MICH [\/vc_column_text][\/vc_column][\/vc_row][vc_row css=&#8220;.vc_custom_1449231732620{padding: 0px !important;}&#8220;][vc_column width=&#8220;1\/2&#8243;][vc_single_image image=&#8220;583&#8243; img_size=&#8220;large&#8220; css=&#8220;.vc_custom_1620400629749{margin-top: 30px !important;}&#8220;][\/vc_column][vc_column width=&#8220;1\/2&#8243;][\/vc_column][\/vc_row][vc_row][vc_column][vc_separator][\/vc_column][\/vc_row][vc_row css=&#8220;.vc_custom_1487692621580{margin-bottom: 20px !important;background-color: #f5f5f5 !important;}&#8220;][vc_column][vc_row_inner][vc_column_inner][vc_column_text] AUSBILDUNG \/ KURSE [\/vc_column_text][\/vc_column_inner][\/vc_row_inner][vc_tta_tour][vc_tta_section title=&#8220;2016 bis heute&#8220; tab_id=&#8220;1487697765037-6ef3899a-d640&#8243;][vc_column_text]April 2017 3-Tagesseminar Ayurveda Ern\u00e4hrungstypologie Kerstin Rosenberg \/ Naturheilpraktiker Schule Luzern November 2016 &#8222;Verhalten und Ern\u00e4hrung. Verhaltensprobleme \/ Problemverhalten&#8220;, Seminar [&hellip;]<\/p>\n","protected":false},"author":1,"featured_media":0,"parent":9,"menu_order":0,"comment_status":"closed","ping_status":"closed","template":"","meta":[],"_links":{"self":[{"href":"https:\/\/kinesani.ch\/wp2016\/index.php\/wp-json\/wp\/v2\/pages\/20"}],"collection":[{"href":"https:\/\/kinesani.ch\/wp2016\/index.php\/wp-json\/wp\/v2\/pages"}],"about":[{"href":"https:\/\/kinesani.ch\/wp2016\/index.php\/wp-json\/wp\/v2\/types\/page"}],"author":[{"embeddable":true,"href":"https:\/\/kinesani.ch\/wp2016\/index.php\/wp-json\/wp\/v2\/users\/1"}],"replies":[{"embeddable":true,"href":"https:\/\/kinesani.ch\/wp2016\/index.php\/wp-json\/wp\/v2\/comments?post=20"}],"version-history":[{"count":53,"href":"https:\/\/kinesani.ch\/wp2016\/index.php\/wp-json\/wp\/v2\/pages\/20\/revisions"}],"predecessor-version":[{"id":585,"href":"https:\/\/kinesani.ch\/wp2016\/index.php\/wp-json\/wp\/v2\/pages\/20\/revisions\/585"}],"up":[{"embeddable":true,"href":"https:\/\/kinesani.ch\/wp2016\/index.php\/wp-json\/wp\/v2\/pages\/9"}],"wp:attachment":[{"href":"https:\/\/kinesani.ch\/wp2016\/index.php\/wp-json\/wp\/v2\/media?parent=20"}],"curies":[{"name":"wp","href":"https:\/\/api.w.org\/{rel}","templated":true}]}}